{"id":1049,"date":"2020-02-13T19:52:20","date_gmt":"2020-02-13T19:52:20","guid":{"rendered":"http:\/\/test.centuryaffordable.org\/vision\/"},"modified":"2020-03-02T14:06:57","modified_gmt":"2020-03-02T14:06:57","slug":"vision","status":"publish","type":"page","link":"https:\/\/onesanpedro.org\/es\/vision\/","title":{"rendered":"Visi\u00f3n"},"content":{"rendered":"\n<h2 class=\"wp-block-heading\">Un vecindario que las familias tienen el orgullo de llamar su hogar.<\/h2>\n\n<p><strong>One San Pedro ser\u00e1 un vecindario seguro, pr\u00f3spero y de ingresos mixtos que servir\u00e1 de modelo para otras actividades de restauraci\u00f3n al basarse en sus activos existentes para crear opciones de vivienda de alta calidad, comercios minoristas y actividad econ\u00f3mica para el vecindario, parques y oportunidades recreativas, calles para caminar y andar en bicicleta, y una variedad de servicios auxiliares.<\/strong>.<\/p>\n","protected":false},"excerpt":{"rendered":"<p>Un vecindario que las familias tienen el orgullo de llamar su hogar. One San Pedro ser\u00e1 un vecindario seguro, pr\u00f3spero y de ingresos mixtos que servir\u00e1 de modelo para otras actividades de restauraci\u00f3n al basarse en sus activos existentes para crear opciones de vivienda de alta calidad, comercios minoristas y actividad econ\u00f3mica para el vecindario, &hellip; <a href=\"https:\/\/onesanpedro.org\/es\/vision\/\">Continued<\/a><\/p>\n","protected":false},"author":1,"featured_media":0,"parent":0,"menu_order":0,"comment_status":"closed","ping_status":"closed","template":"views\/template-vision.blade.php","meta":{"inline_featured_image":false,"footnotes":""},"class_list":["post-1049","page","type-page","status-publish","hentry"],"jetpack_sharing_enabled":true,"_links":{"self":[{"href":"https:\/\/onesanpedro.org\/es\/wp-json\/wp\/v2\/pages\/1049","targetHints":{"allow":["GET"]}}],"collection":[{"href":"https:\/\/onesanpedro.org\/es\/wp-json\/wp\/v2\/pages"}],"about":[{"href":"https:\/\/onesanpedro.org\/es\/wp-json\/wp\/v2\/types\/page"}],"author":[{"embeddable":true,"href":"https:\/\/onesanpedro.org\/es\/wp-json\/wp\/v2\/users\/1"}],"replies":[{"embeddable":true,"href":"https:\/\/onesanpedro.org\/es\/wp-json\/wp\/v2\/comments?post=1049"}],"version-history":[{"count":7,"href":"https:\/\/onesanpedro.org\/es\/wp-json\/wp\/v2\/pages\/1049\/revisions"}],"predecessor-version":[{"id":1062,"href":"https:\/\/onesanpedro.org\/es\/wp-json\/wp\/v2\/pages\/1049\/revisions\/1062"}],"wp:attachment":[{"href":"https:\/\/onesanpedro.org\/es\/wp-json\/wp\/v2\/media?parent=1049"}],"curies":[{"name":"wp","href":"https:\/\/api.w.org\/{rel}","templated":true}]}}