{"id":1045,"date":"2020-02-13T19:48:42","date_gmt":"2020-02-13T19:48:42","guid":{"rendered":"http:\/\/test.centuryaffordable.org\/equipo\/"},"modified":"2020-03-09T16:53:07","modified_gmt":"2020-03-09T16:53:07","slug":"equipo","status":"publish","type":"page","link":"https:\/\/onesanpedro.org\/es\/equipo\/","title":{"rendered":"Equipo"},"content":{"rendered":"\n<h2 class=\"wp-block-heading\">Se necesita un pueblo para reinventar Rancho San Pedro<\/h2>\n\n<p><strong>Organizado por la Autoridad de Vivienda de la Ciudad de Los \u00c1ngeles, One San Pedro est\u00e1 siendo urbanizado a trav\u00e9s de una amplia colaboraci\u00f3n entre los principales urbanizadores, socios comunitarios, partes interesadas locales y residentes, consultores y agencias p\u00fablicas para crear una visi\u00f3n de colaboraci\u00f3n para el futuro de Rancho San Pedro y la comunidad circundante. <\/strong><\/p>\n","protected":false},"excerpt":{"rendered":"<p>Se necesita un pueblo para reinventar Rancho San Pedro Organizado por la Autoridad de Vivienda de la Ciudad de Los \u00c1ngeles, One San Pedro est\u00e1 siendo urbanizado a trav\u00e9s de una amplia colaboraci\u00f3n entre los principales urbanizadores, socios comunitarios, partes interesadas locales y residentes, consultores y agencias p\u00fablicas para crear una visi\u00f3n de colaboraci\u00f3n para &hellip; <a href=\"https:\/\/onesanpedro.org\/es\/equipo\/\">Continued<\/a><\/p>\n","protected":false},"author":1,"featured_media":0,"parent":0,"menu_order":0,"comment_status":"closed","ping_status":"closed","template":"views\/template-team.blade.php","meta":{"inline_featured_image":false,"footnotes":""},"class_list":["post-1045","page","type-page","status-publish","hentry"],"jetpack_sharing_enabled":true,"_links":{"self":[{"href":"https:\/\/onesanpedro.org\/es\/wp-json\/wp\/v2\/pages\/1045","targetHints":{"allow":["GET"]}}],"collection":[{"href":"https:\/\/onesanpedro.org\/es\/wp-json\/wp\/v2\/pages"}],"about":[{"href":"https:\/\/onesanpedro.org\/es\/wp-json\/wp\/v2\/types\/page"}],"author":[{"embeddable":true,"href":"https:\/\/onesanpedro.org\/es\/wp-json\/wp\/v2\/users\/1"}],"replies":[{"embeddable":true,"href":"https:\/\/onesanpedro.org\/es\/wp-json\/wp\/v2\/comments?post=1045"}],"version-history":[{"count":5,"href":"https:\/\/onesanpedro.org\/es\/wp-json\/wp\/v2\/pages\/1045\/revisions"}],"predecessor-version":[{"id":1091,"href":"https:\/\/onesanpedro.org\/es\/wp-json\/wp\/v2\/pages\/1045\/revisions\/1091"}],"wp:attachment":[{"href":"https:\/\/onesanpedro.org\/es\/wp-json\/wp\/v2\/media?parent=1045"}],"curies":[{"name":"wp","href":"https:\/\/api.w.org\/{rel}","templated":true}]}}