{"id":1041,"date":"2020-02-13T19:31:12","date_gmt":"2020-02-13T19:31:12","guid":{"rendered":"http:\/\/test.centuryaffordable.org\/recursos\/"},"modified":"2020-02-13T19:31:14","modified_gmt":"2020-02-13T19:31:14","slug":"recursos","status":"publish","type":"page","link":"https:\/\/onesanpedro.org\/es\/recursos\/","title":{"rendered":"Recursos"},"content":{"rendered":"\n<h2 class=\"wp-block-heading\">La planeaci\u00f3n de una visi\u00f3n compartida para el futuro de One San Pedro.<\/h2>\n\n<p><strong>Durante un periodo de dos a\u00f1os y medio, se organizaron m\u00e1s de noventa eventos, reuniones, talleres y recorridos m\u00f3viles, con cientos de interacciones individuales, todas dise\u00f1adas para involucrar a los residentes y partes interesadas locales para definir el futuro de su comunidad, y a la vez aumentar sus conocimientos, liderazgo y poder para ser campeones de su visi\u00f3n para One San Pedro.<\/strong><\/p>\n","protected":false},"excerpt":{"rendered":"<p>La planeaci\u00f3n de una visi\u00f3n compartida para el futuro de One San Pedro. Durante un periodo de dos a\u00f1os y medio, se organizaron m\u00e1s de noventa eventos, reuniones, talleres y recorridos m\u00f3viles, con cientos de interacciones individuales, todas dise\u00f1adas para involucrar a los residentes y partes interesadas locales para definir el futuro de su comunidad, &hellip; <a href=\"https:\/\/onesanpedro.org\/es\/recursos\/\">Continued<\/a><\/p>\n","protected":false},"author":1,"featured_media":0,"parent":0,"menu_order":0,"comment_status":"closed","ping_status":"closed","template":"views\/template-resources.blade.php","meta":{"inline_featured_image":false,"footnotes":""},"class_list":["post-1041","page","type-page","status-publish","hentry"],"jetpack_sharing_enabled":true,"_links":{"self":[{"href":"https:\/\/onesanpedro.org\/es\/wp-json\/wp\/v2\/pages\/1041","targetHints":{"allow":["GET"]}}],"collection":[{"href":"https:\/\/onesanpedro.org\/es\/wp-json\/wp\/v2\/pages"}],"about":[{"href":"https:\/\/onesanpedro.org\/es\/wp-json\/wp\/v2\/types\/page"}],"author":[{"embeddable":true,"href":"https:\/\/onesanpedro.org\/es\/wp-json\/wp\/v2\/users\/1"}],"replies":[{"embeddable":true,"href":"https:\/\/onesanpedro.org\/es\/wp-json\/wp\/v2\/comments?post=1041"}],"version-history":[{"count":3,"href":"https:\/\/onesanpedro.org\/es\/wp-json\/wp\/v2\/pages\/1041\/revisions"}],"predecessor-version":[{"id":1044,"href":"https:\/\/onesanpedro.org\/es\/wp-json\/wp\/v2\/pages\/1041\/revisions\/1044"}],"wp:attachment":[{"href":"https:\/\/onesanpedro.org\/es\/wp-json\/wp\/v2\/media?parent=1041"}],"curies":[{"name":"wp","href":"https:\/\/api.w.org\/{rel}","templated":true}]}}