{"id":1036,"date":"2020-02-13T19:13:21","date_gmt":"2020-02-13T19:13:21","guid":{"rendered":"http:\/\/test.centuryaffordable.org\/historia\/"},"modified":"2020-02-13T22:37:44","modified_gmt":"2020-02-13T22:37:44","slug":"historia","status":"publish","type":"page","link":"https:\/\/onesanpedro.org\/es\/historia\/","title":{"rendered":"Historia"},"content":{"rendered":"\n<h2 class=\"wp-block-heading\">Una restauraci\u00f3n de m\u00e1s de 70 a\u00f1os desde su construcci\u00f3n. <\/h2>\n\n<p><strong>El vecindario de Rancho San Pedro, ubicado en m\u00e1s de 21 acres de la Pen\u00ednsula de Palos Verdes, tiene una rica historia que incluye un tiempo durante el cual destac\u00f3 como centro de varias<\/strong> <strong>industrias, desde la industria de la pesca comercial hasta la defensa nacional. Este emblem\u00e1tico vecindario de San Pedro tiene una larga historia de ser el hogar de personas trabajadoras y sus familias por m\u00e1s de 100 a\u00f1os. <\/strong><\/p>\n","protected":false},"excerpt":{"rendered":"<p>Una restauraci\u00f3n de m\u00e1s de 70 a\u00f1os desde su construcci\u00f3n. El vecindario de Rancho San Pedro, ubicado en m\u00e1s de 21 acres de la Pen\u00ednsula de Palos Verdes, tiene una rica historia que incluye un tiempo durante el cual destac\u00f3 como centro de varias industrias, desde la industria de la pesca comercial hasta la defensa &hellip; <a href=\"https:\/\/onesanpedro.org\/es\/historia\/\">Continued<\/a><\/p>\n","protected":false},"author":1,"featured_media":0,"parent":0,"menu_order":0,"comment_status":"closed","ping_status":"closed","template":"views\/template-history.blade.php","meta":{"inline_featured_image":false,"footnotes":""},"class_list":["post-1036","page","type-page","status-publish","hentry"],"jetpack_sharing_enabled":true,"_links":{"self":[{"href":"https:\/\/onesanpedro.org\/es\/wp-json\/wp\/v2\/pages\/1036","targetHints":{"allow":["GET"]}}],"collection":[{"href":"https:\/\/onesanpedro.org\/es\/wp-json\/wp\/v2\/pages"}],"about":[{"href":"https:\/\/onesanpedro.org\/es\/wp-json\/wp\/v2\/types\/page"}],"author":[{"embeddable":true,"href":"https:\/\/onesanpedro.org\/es\/wp-json\/wp\/v2\/users\/1"}],"replies":[{"embeddable":true,"href":"https:\/\/onesanpedro.org\/es\/wp-json\/wp\/v2\/comments?post=1036"}],"version-history":[{"count":5,"href":"https:\/\/onesanpedro.org\/es\/wp-json\/wp\/v2\/pages\/1036\/revisions"}],"predecessor-version":[{"id":1054,"href":"https:\/\/onesanpedro.org\/es\/wp-json\/wp\/v2\/pages\/1036\/revisions\/1054"}],"wp:attachment":[{"href":"https:\/\/onesanpedro.org\/es\/wp-json\/wp\/v2\/media?parent=1036"}],"curies":[{"name":"wp","href":"https:\/\/api.w.org\/{rel}","templated":true}]}}